{"id":57,"date":"2019-05-29T13:55:23","date_gmt":"2019-05-29T11:55:23","guid":{"rendered":"http:\/\/maschseegold.de\/?page_id=57"},"modified":"2025-08-23T16:20:50","modified_gmt":"2025-08-23T14:20:50","slug":"maschseegold-honig-aus-hannover","status":"publish","type":"page","link":"https:\/\/www.maschseegold.de\/?page_id=57","title":{"rendered":"Maschseegold \u2013 Honig aus Hannover"},"content":{"rendered":"\n<p class=\"wp-block-paragraph\">Wir sind eine kleine Hobbyimkerei mit Bienenst\u00f6cken zwischen Maschsee und Eilenriede, inmitten der sch\u00f6nen Landeshauptstadt Hannover.<\/p>\n\n\n\n<p class=\"wp-block-paragraph\">Hier bei uns in der Stadt finden die Bienen w\u00e4hrend ihrer &#8222;Arbeitszeit&#8220; vom Fr\u00fchjahr bis in den Herbst in den G\u00e4rten und Parks, Kastanien- und Lindenalleen auf Friedh\u00f6fen und sogar am Wegesrand st\u00e4ndig ein gro\u00dfes Angebot an Nahrung, die frei von Pflanzenschutz- und Insektenvernichtungsmitteln ist.<\/p>\n\n\n\n<p class=\"wp-block-paragraph\">Aus dieser reichhaltigen F\u00fclle machen sie dann einen herrlich goldenen und leckeren Stadt-Honig!<\/p>\n","protected":false},"excerpt":{"rendered":"<p>Wir sind eine kleine Hobbyimkerei mit Bienenst\u00f6cken zwischen Maschsee und Eilenriede, inmitten der sch\u00f6nen Landeshauptstadt Hannover. Hier bei uns in der Stadt finden die Bienen w\u00e4hrend ihrer &#8222;Arbeitszeit&#8220; vom Fr\u00fchjahr bis in den Herbst in den G\u00e4rten und Parks, Kastanien- und Lindenalleen auf Friedh\u00f6fen und sogar am Wegesrand st\u00e4ndig ein gro\u00dfes Angebot an Nahrung, die &hellip; <\/p>\n<p class=\"link-more\"><a href=\"https:\/\/www.maschseegold.de\/?page_id=57\" class=\"more-link\"><span class=\"screen-reader-text\">\u201eMaschseegold \u2013 Honig aus Hannover\u201c <\/span>weiterlesen<\/a><\/p>\n","protected":false},"author":1,"featured_media":0,"parent":0,"menu_order":0,"comment_status":"closed","ping_status":"closed","template":"","meta":{"_crdt_document":"","footnotes":""},"class_list":["post-57","page","type-page","status-publish","hentry"],"_links":{"self":[{"href":"https:\/\/www.maschseegold.de\/index.php?rest_route=\/wp\/v2\/pages\/57","targetHints":{"allow":["GET"]}}],"collection":[{"href":"https:\/\/www.maschseegold.de\/index.php?rest_route=\/wp\/v2\/pages"}],"about":[{"href":"https:\/\/www.maschseegold.de\/index.php?rest_route=\/wp\/v2\/types\/page"}],"author":[{"embeddable":true,"href":"https:\/\/www.maschseegold.de\/index.php?rest_route=\/wp\/v2\/users\/1"}],"replies":[{"embeddable":true,"href":"https:\/\/www.maschseegold.de\/index.php?rest_route=%2Fwp%2Fv2%2Fcomments&post=57"}],"version-history":[{"count":2,"href":"https:\/\/www.maschseegold.de\/index.php?rest_route=\/wp\/v2\/pages\/57\/revisions"}],"predecessor-version":[{"id":83,"href":"https:\/\/www.maschseegold.de\/index.php?rest_route=\/wp\/v2\/pages\/57\/revisions\/83"}],"wp:attachment":[{"href":"https:\/\/www.maschseegold.de\/index.php?rest_route=%2Fwp%2Fv2%2Fmedia&parent=57"}],"curies":[{"name":"wp","href":"https:\/\/api.w.org\/{rel}","templated":true}]}}